{"id":15714,"date":"2026-02-21T12:49:05","date_gmt":"2026-02-21T12:49:05","guid":{"rendered":"https:\/\/sotejewellery.com\/?page_id=15714"},"modified":"2026-03-06T17:02:39","modified_gmt":"2026-03-06T17:02:39","slug":"journal","status":"publish","type":"page","link":"https:\/\/sotejewellery.com\/pl\/journal\/","title":{"rendered":"Journal"},"content":{"rendered":"<p>To jest Sote Journal \u2013 nasz dziennik spotka\u0144 z przyjaci\u00f3\u0142mi marki, lud\u017ami, kt\u00f3rych praca i postawa inspiruj\u0105 nas ka\u017cdego dnia. Linki do wszystkich odcink\u00f3w poni\u017cej.<\/p>\n<p><em><strong><a style=\"text-decoration: underline;\" href=\"https:\/\/sotejewellery.com\/journal01\/\">Journal \u00b01 \u2013 Ola Szwa\u0142ek<\/a><br \/>\n<\/strong><\/em><br \/>\n<em><strong><a style=\"text-decoration: underline;\" href=\"https:\/\/sotejewellery.com\/journal02\/\">Journal \u00b02 \u2013 Sandra Drzymalska<\/a><br \/>\n<\/strong><\/em><br \/>\n<em><strong><a style=\"text-decoration: underline;\" href=\"https:\/\/sotejewellery.com\/journal03\">Journal \u00b03 \u2013 Janek Lewczuk<\/a><br \/>\n<\/strong><\/em><\/p>\n","protected":false},"excerpt":{"rendered":"<p>To jest Sote Journal \u2013 nasz dziennik spotka\u0144 z przyjaci\u00f3\u0142mi marki, lud\u017ami, kt\u00f3rych praca i postawa inspiruj\u0105 nas ka\u017cdego dnia. Linki do wszystkich odcink\u00f3w poni\u017cej. Journal \u00b01 \u2013 Ola Szwa\u0142ek Journal \u00b02 \u2013 Sandra Drzymalska Journal \u00b03 \u2013 Janek Lewczuk<\/p>\n","protected":false},"author":1,"featured_media":0,"parent":0,"menu_order":0,"comment_status":"closed","ping_status":"closed","template":"","meta":{"_acf_changed":false,"footnotes":""},"class_list":["post-15714","page","type-page","status-publish","hentry"],"translation":{"provider":"WPGlobus","version":"3.0.2","language":"pl","enabled_languages":["en","pl"],"languages":{"en":{"title":true,"content":true,"excerpt":false},"pl":{"title":true,"content":true,"excerpt":false}}},"acf":[],"_links":{"self":[{"href":"https:\/\/sotejewellery.com\/pl\/wp-json\/wp\/v2\/pages\/15714","targetHints":{"allow":["GET"]}}],"collection":[{"href":"https:\/\/sotejewellery.com\/pl\/wp-json\/wp\/v2\/pages"}],"about":[{"href":"https:\/\/sotejewellery.com\/pl\/wp-json\/wp\/v2\/types\/page"}],"author":[{"embeddable":true,"href":"https:\/\/sotejewellery.com\/pl\/wp-json\/wp\/v2\/users\/1"}],"replies":[{"embeddable":true,"href":"https:\/\/sotejewellery.com\/pl\/wp-json\/wp\/v2\/comments?post=15714"}],"version-history":[{"count":14,"href":"https:\/\/sotejewellery.com\/pl\/wp-json\/wp\/v2\/pages\/15714\/revisions"}],"predecessor-version":[{"id":15783,"href":"https:\/\/sotejewellery.com\/pl\/wp-json\/wp\/v2\/pages\/15714\/revisions\/15783"}],"wp:attachment":[{"href":"https:\/\/sotejewellery.com\/pl\/wp-json\/wp\/v2\/media?parent=15714"}],"curies":[{"name":"wp","href":"https:\/\/api.w.org\/{rel}","templated":true}]}}