{"id":2,"date":"2019-05-30T21:45:49","date_gmt":"2019-05-30T21:45:49","guid":{"rendered":"http:\/\/tausendsassa.io\/sote\/web\/?page_id=2"},"modified":"2020-04-02T21:04:20","modified_gmt":"2020-04-02T21:04:20","slug":"materials","status":"publish","type":"page","link":"https:\/\/sotejewellery.com\/pl\/materials\/","title":{"rendered":"Materia\u0142y"},"content":{"rendered":"<p>Minera\u0142y i Kruszce to nasza pasja. W produktach Sote u\u017cywamy tylko szlachetnych kruszc\u00f3w: Z\u0142ota i Srebra i szerokiej gamy kamieni szlachetnych i naturalnych minera\u0142\u00f3w.<br \/>\nZ\u0142oto, z kt\u00f3rego wykonujemy nasz\u0105 bi\u017cuteri\u0119, to wysokiej jako\u015bci, 14 karatowe stopy, czyli pr\u00f3ba 585. Z\u0142oto w takiej pr\u00f3bie charakteryzuje si\u0119 pi\u0119kn\u0105, subteln\u0105 barw\u0105, zachowuje sw\u00f3j kolor mimo up\u0142ywu lat i posiada idealne w\u0142a\u015bciwo\u015bci fizyczne, dzi\u0119ki czemu jest odporne na uszkodzenia i wystarczaj\u0105co twarde. Przy srebrze pracujemy z materia\u0142em w pr\u00f3bie 925, co tak jak w przypadku z\u0142ota, pozwala nam na osi\u0105gniecie najwy\u017cszej mo\u017cliwej jako\u015bci.<br \/>\nGama kamieni dost\u0119pna w naszej marce zmienia si\u0119 na przestrzeni miesi\u0119cy, gdy\u017c ci\u0105gle poszukujemy nowych kruszc\u00f3w, kt\u00f3re do\u0142\u0105czaj\u0105 do naszej oferty czasami tylko na kr\u00f3tkie serie bi\u017cuterii, a czasami zostaj\u0105 na d\u0142u\u017cej. Nasze minera\u0142y szlifujemy w zaprzyja\u017anionych polskich szlifierniach, a cz\u0119sto kruszce sprowadzamy z ca\u0142ego \u015bwiata, by by\u0142y jak najbardziej atrakcyjne i zaskakuj\u0105ce. Zapraszamy do \u015bledzenia naszego przewodnika o minera\u0142ach, w kt\u00f3rym znajdziecie wiele ciekawych informacji na ich temat, jak i mo\u017ce pom\u00f3c Wam w wyborze idealnej bi\u017cuterii dla siebie.<\/p>\n","protected":false},"excerpt":{"rendered":"<p>Minera\u0142y i Kruszce to nasza pasja. W produktach Sote u\u017cywamy tylko szlachetnych kruszc\u00f3w: Z\u0142ota i Srebra i szerokiej gamy kamieni szlachetnych i naturalnych minera\u0142\u00f3w. Z\u0142oto, z kt\u00f3rego wykonujemy nasz\u0105 bi\u017cuteri\u0119, to wysokiej jako\u015bci, 14 karatowe stopy, czyli pr\u00f3ba 585. Z\u0142oto w takiej pr\u00f3bie charakteryzuje si\u0119 pi\u0119kn\u0105, subteln\u0105 barw\u0105, zachowuje sw\u00f3j kolor mimo up\u0142ywu lat i [&hellip;]<\/p>\n","protected":false},"author":1,"featured_media":0,"parent":0,"menu_order":0,"comment_status":"closed","ping_status":"closed","template":"pages\/materials.php","meta":{"_acf_changed":false,"footnotes":""},"class_list":["post-2","page","type-page","status-publish","hentry"],"translation":{"provider":"WPGlobus","version":"3.0.2","language":"pl","enabled_languages":["en","pl"],"languages":{"en":{"title":true,"content":true,"excerpt":false},"pl":{"title":true,"content":true,"excerpt":false}}},"acf":[],"_links":{"self":[{"href":"https:\/\/sotejewellery.com\/pl\/wp-json\/wp\/v2\/pages\/2","targetHints":{"allow":["GET"]}}],"collection":[{"href":"https:\/\/sotejewellery.com\/pl\/wp-json\/wp\/v2\/pages"}],"about":[{"href":"https:\/\/sotejewellery.com\/pl\/wp-json\/wp\/v2\/types\/page"}],"author":[{"embeddable":true,"href":"https:\/\/sotejewellery.com\/pl\/wp-json\/wp\/v2\/users\/1"}],"replies":[{"embeddable":true,"href":"https:\/\/sotejewellery.com\/pl\/wp-json\/wp\/v2\/comments?post=2"}],"version-history":[{"count":11,"href":"https:\/\/sotejewellery.com\/pl\/wp-json\/wp\/v2\/pages\/2\/revisions"}],"predecessor-version":[{"id":3091,"href":"https:\/\/sotejewellery.com\/pl\/wp-json\/wp\/v2\/pages\/2\/revisions\/3091"}],"wp:attachment":[{"href":"https:\/\/sotejewellery.com\/pl\/wp-json\/wp\/v2\/media?parent=2"}],"curies":[{"name":"wp","href":"https:\/\/api.w.org\/{rel}","templated":true}]}}