{"id":2061,"date":"2020-01-02T15:45:34","date_gmt":"2020-01-02T15:45:34","guid":{"rendered":"http:\/\/sote.tausendsassa.io\/?page_id=2061"},"modified":"2025-10-22T22:50:19","modified_gmt":"2025-10-22T22:50:19","slug":"size-guide","status":"publish","type":"page","link":"https:\/\/sotejewellery.com\/pl\/more\/size-guide\/","title":{"rendered":"Rozmiary"},"content":{"rendered":"<p>Jak prawid\u0142owo dobra\u0107 rozmiar palca?<\/p>\n<p>Po pierwsze i najwa\u017cniejsze &#8211; pami\u0119tajcie, \u017ce bi\u017cuteri\u0119 u nas zam\u00f3wion\u0105 zawsze mo\u017cna wymieni\u0107 lub zwr\u00f3ci\u0107 w ci\u0105gu 14 dni od zakupu. Je\u015bli zakup ma by\u0107 prezentem i nie znasz rozmiaru, napisz do nas &#8211; doradzimy w doborze pasuj\u0105cej bi\u017cuterii.<\/p>\n<p>1.Najprostsz\u0105 i najpewniejsz\u0105 metod\u0105 sprawdzenia rozmiaru palca jest dokonanie pomiaru w naszym sklepie w Warszawie, albo w jednym z concept store&#8217;\u00f3w, w kt\u00f3rym dost\u0119pna jest nasza bi\u017cuteria. Pomiar mo\u017ce by\u0107 dokonany r\u00f3wnie\u017c w dowolnym salonie jubilerskim. W takiej sytuacji rozmiar palca najlepiej poda\u0107 nam w europejskiej rozmiar\u00f3wce jubilerskiej.<\/p>\n<p>2.Drugim rozwi\u0105zaniem jest pomiar pier\u015bcionka, odpowiedniego na palec, na kt\u00f3ry chcemy zam\u00f3wi\u0107 wybrany pier\u015bcionek Sote. To rozwi\u0105zanie mo\u017ce dobrze si\u0119 sprawdzi\u0107 w sytuacji, w kt\u00f3rej zakup b\u0119dzie niespodziank\u0105. Wtedy pier\u015bcionek r\u00f3wnie\u017c najlepiej zmierzy\u0107 w Sote, albo w salonie jubilerskim i poda\u0107 nam rozmiar w rozmiar\u00f3wce jubilerskiej EU, albo dokona\u0107 pomiaru w\u0142asnor\u0119cznie, suwmiark\u0105, mierz\u0105c pier\u015bcionek dok\u0142adnie po \u015brednicy z dok\u0142adno\u015bci\u0105 do 0,1mm (np.14,2mm), wtedy wystarczy nam precyzyjna d\u0142ugo\u015b\u0107 \u015brednicy.<\/p>\n<p>Nie zalecamy popularnych pomiar\u00f3w nitk\u0105, linijk\u0105, ani centymetrem, gdy\u017c ich dok\u0142adno\u015b\u0107 jest niewystarczaj\u0105ca. W sytuacji, w kt\u00f3rej nie mamy mo\u017cliwo\u015bci dokona\u0107 \u017cadnego pomiaru, prosimy o kontakt z nami na hello@sotejewellery.com, albo telefonicznie pod numerem +48 577 827 927. W przypadku \u017ale dobranego rozmiaru pier\u015bcionek mo\u017cna wymieni\u0107 lub zwr\u00f3ci\u0107 w ci\u0105gu 14 dni.<\/p>\n","protected":false},"excerpt":{"rendered":"<p>Poradnik rozmiarowy<\/p>\n","protected":false},"author":1,"featured_media":0,"parent":308,"menu_order":0,"comment_status":"closed","ping_status":"closed","template":"pages\/about.php","meta":{"_acf_changed":false,"footnotes":""},"class_list":["post-2061","page","type-page","status-publish","hentry"],"translation":{"provider":"WPGlobus","version":"3.0.2","language":"pl","enabled_languages":["en","pl"],"languages":{"en":{"title":true,"content":true,"excerpt":true},"pl":{"title":true,"content":true,"excerpt":true}}},"acf":[],"_links":{"self":[{"href":"https:\/\/sotejewellery.com\/pl\/wp-json\/wp\/v2\/pages\/2061","targetHints":{"allow":["GET"]}}],"collection":[{"href":"https:\/\/sotejewellery.com\/pl\/wp-json\/wp\/v2\/pages"}],"about":[{"href":"https:\/\/sotejewellery.com\/pl\/wp-json\/wp\/v2\/types\/page"}],"author":[{"embeddable":true,"href":"https:\/\/sotejewellery.com\/pl\/wp-json\/wp\/v2\/users\/1"}],"replies":[{"embeddable":true,"href":"https:\/\/sotejewellery.com\/pl\/wp-json\/wp\/v2\/comments?post=2061"}],"version-history":[{"count":35,"href":"https:\/\/sotejewellery.com\/pl\/wp-json\/wp\/v2\/pages\/2061\/revisions"}],"predecessor-version":[{"id":14913,"href":"https:\/\/sotejewellery.com\/pl\/wp-json\/wp\/v2\/pages\/2061\/revisions\/14913"}],"up":[{"embeddable":true,"href":"https:\/\/sotejewellery.com\/pl\/wp-json\/wp\/v2\/pages\/308"}],"wp:attachment":[{"href":"https:\/\/sotejewellery.com\/pl\/wp-json\/wp\/v2\/media?parent=2061"}],"curies":[{"name":"wp","href":"https:\/\/api.w.org\/{rel}","templated":true}]}}