{"id":2642,"date":"2020-01-30T22:28:51","date_gmt":"2020-01-30T22:28:51","guid":{"rendered":"http:\/\/sote.tausendsassa.io\/?page_id=2642"},"modified":"2020-06-30T20:10:59","modified_gmt":"2020-06-30T20:10:59","slug":"care","status":"publish","type":"page","link":"https:\/\/sotejewellery.com\/pl\/more\/care\/","title":{"rendered":"Piel\u0119gnacja"},"content":{"rendered":"<p>Bi\u017cuteria Sote wykonywana jest r\u0119cznie, ze szlachetnych materia\u0142\u00f3w, tradycyjnymi technikami z\u0142otniczymi. Skupiamy si\u0119 na ka\u017cdym detalu wyko\u0144czenia. Zale\u017cy nam, aby nasze produkty by\u0142y mo\u017cliwie najlepszej jako\u015bci i s\u0142u\u017cy\u0142y przez lata, dlatego prosimy o zapoznanie si\u0119 z naszymi radami, dotycz\u0105cymi pi\u0119l\u0119gnacji i zasad u\u017cytkowania:<\/p>\n<p>1.Chro\u0144 bi\u017cuteri\u0119 przed urazami mechanicznymi\u00a0i otarciami, zdejmuj pier\u015bcionki podczas prac domowych i sportu. Jest to szczeg\u00f3lnie wa\u017cne w przypadku drobnych, cieniutkich pier\u015bcionk\u00f3w, kt\u00f3re pod naciskiem mog\u0105 si\u0119 wygi\u0105\u0107, a tak\u017ce bi\u017cuterii poz\u0142acanej, kt\u00f3rej pow\u0142oka jest wtedy nara\u017cona na szybsze \u015bcieranie si\u0119. Je\u015bli zale\u017cy Ci na tym, \u017ceby nie zdejmowa\u0107 bi\u017cuterii, wybierz wersj\u0119 w ca\u0142o\u015bci ze z\u0142ota,<br \/>\nalbo pier\u015bcionki na grubszej obr\u0105czce ze srebra.<\/p>\n<p>2.Kiedy nie nosisz bi\u017cuterii, przechowuj j\u0105 w przeznaczonym do tego pude\u0142eczku lub szkatu\u0142ce, z ograniczonym dost\u0119pem powietrza. Spowolni to naturalny proces patynowania, kt\u00f3ry jest charakterystyczny zw\u0142aszcza dla srebra.<\/p>\n<p>3.Aby utrzyma\u0107 blask bi\u017cuterii, mo\u017cesz j\u0105 czy\u015bci\u0107 i polerowa\u0107 \u015bciereczk\u0105 lub p\u0142ynami do czyszczenia bi\u017cuterii.<\/p>\n<p>4.Je\u015bli Twoja bi\u017cuteria ulegnie jakiemukolwiek uszkodzeniu, zg\u0142o\u015b si\u0119 do nas. Naprawimy j\u0105 bezp\u0142atnie w ramach reklamacji lub odp\u0142atnie<br \/>\nw ramach us\u0142ugi, zale\u017cnie od zaistnia\u0142ych uszkodze\u0144.<\/p>\n","protected":false},"excerpt":{"rendered":"<p>Bi\u017cuteria Sote wykonywana jest r\u0119cznie, ze szlachetnych materia\u0142\u00f3w, tradycyjnymi technikami z\u0142otniczymi. Skupiamy si\u0119 na ka\u017cdym detalu wyko\u0144czenia. Zale\u017cy nam, aby nasze produkty by\u0142y mo\u017cliwie najlepszej jako\u015bci i s\u0142u\u017cy\u0142y przez lata, dlatego prosimy o zapoznanie si\u0119 z naszymi radami, dotycz\u0105cymi pi\u0119l\u0119gnacji i zasad u\u017cytkowania: 1.Chro\u0144 bi\u017cuteri\u0119 przed urazami mechanicznymi\u00a0i otarciami, zdejmuj pier\u015bcionki podczas prac domowych i [&hellip;]<\/p>\n","protected":false},"author":1,"featured_media":0,"parent":308,"menu_order":0,"comment_status":"closed","ping_status":"closed","template":"","meta":{"_acf_changed":false,"footnotes":""},"class_list":["post-2642","page","type-page","status-publish","hentry"],"translation":{"provider":"WPGlobus","version":"3.0.2","language":"pl","enabled_languages":["en","pl"],"languages":{"en":{"title":true,"content":true,"excerpt":false},"pl":{"title":true,"content":true,"excerpt":false}}},"acf":[],"_links":{"self":[{"href":"https:\/\/sotejewellery.com\/pl\/wp-json\/wp\/v2\/pages\/2642","targetHints":{"allow":["GET"]}}],"collection":[{"href":"https:\/\/sotejewellery.com\/pl\/wp-json\/wp\/v2\/pages"}],"about":[{"href":"https:\/\/sotejewellery.com\/pl\/wp-json\/wp\/v2\/types\/page"}],"author":[{"embeddable":true,"href":"https:\/\/sotejewellery.com\/pl\/wp-json\/wp\/v2\/users\/1"}],"replies":[{"embeddable":true,"href":"https:\/\/sotejewellery.com\/pl\/wp-json\/wp\/v2\/comments?post=2642"}],"version-history":[{"count":11,"href":"https:\/\/sotejewellery.com\/pl\/wp-json\/wp\/v2\/pages\/2642\/revisions"}],"predecessor-version":[{"id":4581,"href":"https:\/\/sotejewellery.com\/pl\/wp-json\/wp\/v2\/pages\/2642\/revisions\/4581"}],"up":[{"embeddable":true,"href":"https:\/\/sotejewellery.com\/pl\/wp-json\/wp\/v2\/pages\/308"}],"wp:attachment":[{"href":"https:\/\/sotejewellery.com\/pl\/wp-json\/wp\/v2\/media?parent=2642"}],"curies":[{"name":"wp","href":"https:\/\/api.w.org\/{rel}","templated":true}]}}