{"id":3,"date":"2019-05-30T21:45:49","date_gmt":"2019-05-30T21:45:49","guid":{"rendered":"http:\/\/tausendsassa.io\/sote\/web\/?page_id=3"},"modified":"2020-05-02T22:19:28","modified_gmt":"2020-05-02T22:19:28","slug":"privacy-policy","status":"publish","type":"page","link":"https:\/\/sotejewellery.com\/pl\/more\/privacy-policy\/","title":{"rendered":"Privacy Policy"},"content":{"rendered":"<p>RODO (Rozporz\u0105dzenie Og\u00f3lne o Ochronie Danych Osobowych \/ GDPR):<\/p>\n<p>Zgodnie z art. 13 ust. 1 i ust. 2 rozporz\u0105dzenia Parlamentu Europejskiego i Rady (UE) 2016\/679 w sprawie ochrony os\u00f3b fizycznych w zwi\u0105zku z przetwarzaniem danych osobowych i w sprawie swobodnego przep\u0142ywu takich danych oraz uchylenia dyrektywy 95\/46\/WE (RODO), informujemy:<\/p>\n<p>Administratorem Pani\/Pana danych osobowych jest firma Lewczuk Studio Jan Lewczuk z siedzib\u0105 w Warszawie, ul. Elektoralna 14 lok.12, kod pocztowy 00-139, adres e-mail: hello@sotejewellery.com, tel. 512785060.<\/p>\n<p>Przetwarzanie Pani\/Pana danych osobowych b\u0119dzie si\u0119 odbywa\u0107 na podstawie art. 6 RODO i w celu handlowym i marketingowym Administrator powo\u0142uje si\u0119 na prawnie uzasadniony interes, kt\u00f3rym jest obs\u0142uga zam\u00f3wie\u0144 internetowych marki SOTE.<\/p>\n<p>Posiada Pani\/Pan prawo dost\u0119pu do tre\u015bci swoich danych osobowych, prawo do ich sprostowania, usuni\u0119cia, jak i r\u00f3wnie\u017c prawo do ograniczenia ich przetwarzania\/ prawo do cofni\u0119cia zgody, prawo do przenoszenia danych, prawo do wniesienia sprzeciwu wobec przetwarzania Pani\/Pana danych osobowych. Przys\u0142uguje Pani\/Panu prawo wniesienia skargi do organu nadzorczego, je\u015bli Pani\/Pana zdaniem, przetwarzanie danych osobowych Pani\/Pana \u2013 narusza przepisy unijnego rozporz\u0105dzenia RODO.<\/p>\n<p>Pliki Cookies:<\/p>\n<p>1. Serwis zbiera w spos\u00f3b automatyczny tylko informacje zawarte w plikach cookies.<\/p>\n<p>2. Pliki (cookies) s\u0105 plikami tekstowymi, kt\u00f3re przechowywane s\u0105 w urz\u0105dzeniu ko\u0144cowym u\u017cytkownika serwisu. Przeznaczone s\u0105 do korzystania ze stron serwisu. Przede wszystkim zawieraj\u0105 nazw\u0119 strony internetowej swojego pochodzenia, sw\u00f3j unikalny numer, czas przechowywania na urz\u0105dzeniu ko\u0144cowym.<\/p>\n<p>3. Operator serwisu (tu nazwa i ewentualnie adres) jest podmiotem zamieszczaj\u0105cym na urz\u0105dzeniu ko\u0144cowym swojego u\u017cytkownika pliki cookies oraz maj\u0105cym do nich dost\u0119p.<\/p>\n<p>4. Operator serwisu wykorzystuje pliki (cookies) w celu:<\/p>\n<p>* dopasowania zawarto\u015bci strony internetowej do indywidualnych preferencji u\u017cytkownika, przede wszystkim pliki te rozpoznaj\u0105 jego urz\u0105dzenie, aby zgodnie z jego preferencjami wy\u015bwietli\u0107 stron\u0119;<\/p>\n<p>* przygotowywania statystyk pomagaj\u0105cych poznaniu preferencji i zachowa\u0144 u\u017cytkownik\u00f3w, analiza tych statystyk jest anonimowa i umo\u017cliwia dostosowanie zawarto\u015bci i wygl\u0105du serwisu do panuj\u0105cych trend\u00f3w, statystyki stosuje si\u0119 te\u017c do oceny popularno\u015bci strony;<\/p>\n<p>5. Serwis stosuje dwa zasadnicze rodzaje plik\u00f3w (cookies) &#8211; sesyjne i sta\u0142e. Pliki sesyjne s\u0105 tymczasowe, przechowuje si\u0119 je do momentu opuszczenia strony serwisu (poprzez wej\u015bcie na inn\u0105 stron\u0119, wylogowanie lub wy\u0142\u0105czenie przegl\u0105darki). Pliki sta\u0142e przechowywane s\u0105 w urz\u0105dzeniu ko\u0144cowym u\u017cytkownika do czasu ich usuni\u0119cia przez u\u017cytkownika lub przez czas wynikaj\u0105cy z ich ustawie\u0144.<\/p>\n<p>6. U\u017cytkownik mo\u017ce w ka\u017cdej chwili dokona\u0107 zmiany ustawie\u0144 swojej przegl\u0105darki, aby zablokowa\u0107 obs\u0142ug\u0119 plik\u00f3w (cookies) lub ka\u017cdorazowo uzyskiwa\u0107 informacje o ich umieszczeniu w swoim urz\u0105dzeniu. Inne dost\u0119pne opcje mo\u017cna sprawdzi\u0107 w ustawieniach swojej przegl\u0105darki internetowej. Nale\u017cy pami\u0119ta\u0107, \u017ce wi\u0119kszo\u015b\u0107 przegl\u0105darek domy\u015blnie jest ustawione na akceptacj\u0119 zapisu plik\u00f3w (cookies)w urz\u0105dzeniu ko\u0144cowym.<\/p>\n<p>7. Operator Serwisu informuje, \u017ce zmiany ustawie\u0144 w przegl\u0105darce internetowej u\u017cytkownika mog\u0105 ograniczy\u0107 dost\u0119p do niekt\u00f3rych funkcji strony internetowej serwisu.\u20288. Pliki (cookies) z kt\u00f3rych korzysta serwis (zamieszczane w urz\u0105dzeniu ko\u0144cowym u\u017cytkownika) mog\u0105 by\u0107 udost\u0119pnione jego partnerom oraz wsp\u00f3\u0142pracuj\u0105cym z nim reklamodawc\u0105.<\/p>\n<p>9. Informacje dotycz\u0105ce ustawie\u0144 przegl\u0105darek internetowych dost\u0119pne s\u0105 w jej menu (pomoc) lub na stronie jej producenta. Bardziej szczeg\u00f3\u0142owe informacje na temat plik\u00f3w (cookies) dost\u0119pne s\u0105 na stronie ciasteczka.org.pl<\/p>\n","protected":false},"excerpt":{"rendered":"<p>RODO (Rozporz\u0105dzenie Og\u00f3lne o Ochronie Danych Osobowych \/ GDPR): Zgodnie z art. 13 ust. 1 i ust. 2 rozporz\u0105dzenia Parlamentu Europejskiego i Rady (UE) 2016\/679 w sprawie ochrony os\u00f3b fizycznych w zwi\u0105zku z przetwarzaniem danych osobowych i w sprawie swobodnego przep\u0142ywu takich danych oraz uchylenia dyrektywy 95\/46\/WE (RODO), informujemy: Administratorem Pani\/Pana danych osobowych jest firma [&hellip;]<\/p>\n","protected":false},"author":1,"featured_media":0,"parent":308,"menu_order":0,"comment_status":"closed","ping_status":"closed","template":"","meta":{"_acf_changed":false,"footnotes":""},"class_list":["post-3","page","type-page","status-publish","hentry"],"translation":{"provider":"WPGlobus","version":"3.0.2","language":"pl","enabled_languages":["en","pl"],"languages":{"en":{"title":true,"content":true,"excerpt":false},"pl":{"title":false,"content":true,"excerpt":false}}},"acf":[],"_links":{"self":[{"href":"https:\/\/sotejewellery.com\/pl\/wp-json\/wp\/v2\/pages\/3","targetHints":{"allow":["GET"]}}],"collection":[{"href":"https:\/\/sotejewellery.com\/pl\/wp-json\/wp\/v2\/pages"}],"about":[{"href":"https:\/\/sotejewellery.com\/pl\/wp-json\/wp\/v2\/types\/page"}],"author":[{"embeddable":true,"href":"https:\/\/sotejewellery.com\/pl\/wp-json\/wp\/v2\/users\/1"}],"replies":[{"embeddable":true,"href":"https:\/\/sotejewellery.com\/pl\/wp-json\/wp\/v2\/comments?post=3"}],"version-history":[{"count":4,"href":"https:\/\/sotejewellery.com\/pl\/wp-json\/wp\/v2\/pages\/3\/revisions"}],"predecessor-version":[{"id":2509,"href":"https:\/\/sotejewellery.com\/pl\/wp-json\/wp\/v2\/pages\/3\/revisions\/2509"}],"up":[{"embeddable":true,"href":"https:\/\/sotejewellery.com\/pl\/wp-json\/wp\/v2\/pages\/308"}],"wp:attachment":[{"href":"https:\/\/sotejewellery.com\/pl\/wp-json\/wp\/v2\/media?parent=3"}],"curies":[{"name":"wp","href":"https:\/\/api.w.org\/{rel}","templated":true}]}}