{"id":304,"date":"2019-08-01T03:43:11","date_gmt":"2019-08-01T03:43:11","guid":{"rendered":"http:\/\/tausendsassa.io\/sote\/web\/?page_id=304"},"modified":"2020-05-02T22:17:04","modified_gmt":"2020-05-02T22:17:04","slug":"composition-card","status":"publish","type":"page","link":"https:\/\/sotejewellery.com\/pl\/more\/composition-card\/","title":{"rendered":"Composition card"},"content":{"rendered":"<p>Composition Card jest stworzona dla os\u00f3b, kt\u00f3re kupi\u0142y jeden lub kilka z naszych produkt\u00f3w i planuj\u0105 kolejne zakupy. Do pierwszego zam\u00f3wienia do\u0142\u0105czamy imienn\u0105, r\u0119cznie wypisan\u0105 kart\u0119, a za ka\u017cdy zakupiony produkt &#8211; t\u0142oczon\u0105, srebrn\u0105 naklejk\u0119. Po uzbieraniu 6 naklejek, karta staje si\u0119 voucherem o wysoko\u015bci 180 z\u0142, kt\u00f3ry mo\u017cna zrealizowa\u0107 jako jednorazowy rabat w wysoko\u015bci 180 z\u0142 w dowolnym momencie.<\/p>\n<p>Aby otrzyma\u0107 kart\u0119 lub naklejki, nale\u017cy zaznaczy\u0107 to podczas sk\u0142adania zam\u00f3wienia. Je\u015bli posiadasz ju\u017c kart\u0119, bardzo prosimy o zam\u00f3wienie jedynie naklejek, \u017ceby nie generowa\u0107 niepotrzebnych dubli.<\/p>\n<p>Kart\u0119 mo\u017cna zrealizowa\u0107 w naszym flagowym sklepie na Mokotowskiej 61 w Warszawie, jak r\u00f3wnie\u017c podczas zakup\u00f3w online, wysy\u0142aj\u0105c nam zdj\u0119cie zape\u0142nionej karty na hello@sotejewellery.com<\/p>\n","protected":false},"excerpt":{"rendered":"<p>Composition Card jest stworzona dla os\u00f3b, kt\u00f3re kupi\u0142y jeden lub kilka z naszych produkt\u00f3w i planuj\u0105 kolejne zakupy. Do pierwszego zam\u00f3wienia do\u0142\u0105czamy imienn\u0105, r\u0119cznie wypisan\u0105 kart\u0119, a za ka\u017cdy zakupiony produkt &#8211; t\u0142oczon\u0105, srebrn\u0105 naklejk\u0119. Po uzbieraniu 6 naklejek, karta staje si\u0119 voucherem o wysoko\u015bci 180 z\u0142, kt\u00f3ry mo\u017cna zrealizowa\u0107 jako jednorazowy rabat w wysoko\u015bci [&hellip;]<\/p>\n","protected":false},"author":1,"featured_media":0,"parent":308,"menu_order":0,"comment_status":"closed","ping_status":"closed","template":"","meta":{"_acf_changed":false,"footnotes":""},"class_list":["post-304","page","type-page","status-publish","hentry"],"translation":{"provider":"WPGlobus","version":"3.0.2","language":"pl","enabled_languages":["en","pl"],"languages":{"en":{"title":true,"content":true,"excerpt":false},"pl":{"title":false,"content":true,"excerpt":false}}},"acf":[],"_links":{"self":[{"href":"https:\/\/sotejewellery.com\/pl\/wp-json\/wp\/v2\/pages\/304","targetHints":{"allow":["GET"]}}],"collection":[{"href":"https:\/\/sotejewellery.com\/pl\/wp-json\/wp\/v2\/pages"}],"about":[{"href":"https:\/\/sotejewellery.com\/pl\/wp-json\/wp\/v2\/types\/page"}],"author":[{"embeddable":true,"href":"https:\/\/sotejewellery.com\/pl\/wp-json\/wp\/v2\/users\/1"}],"replies":[{"embeddable":true,"href":"https:\/\/sotejewellery.com\/pl\/wp-json\/wp\/v2\/comments?post=304"}],"version-history":[{"count":9,"href":"https:\/\/sotejewellery.com\/pl\/wp-json\/wp\/v2\/pages\/304\/revisions"}],"predecessor-version":[{"id":3590,"href":"https:\/\/sotejewellery.com\/pl\/wp-json\/wp\/v2\/pages\/304\/revisions\/3590"}],"up":[{"embeddable":true,"href":"https:\/\/sotejewellery.com\/pl\/wp-json\/wp\/v2\/pages\/308"}],"wp:attachment":[{"href":"https:\/\/sotejewellery.com\/pl\/wp-json\/wp\/v2\/media?parent=304"}],"curies":[{"name":"wp","href":"https:\/\/api.w.org\/{rel}","templated":true}]}}